{"id":32,"date":"2024-08-27T15:40:45","date_gmt":"2024-08-27T15:40:45","guid":{"rendered":"http:\/\/shreevidyamahayog.org\/?page_id=32"},"modified":"2025-07-15T02:49:53","modified_gmt":"2025-07-14T21:19:53","slug":"home","status":"publish","type":"page","link":"https:\/\/shreevidyamahayog.org\/mr\/","title":{"rendered":"\u092e\u0941\u0916\u094d\u092f"},"content":{"rendered":"<p>[et_pb_section fb_built=&#8221;1&#8243; _builder_version=&#8221;4.27.0&#8243; _module_preset=&#8221;default&#8221; background_enable_image=&#8221;off&#8221; background_position=&#8221;top_left&#8221; background_horizontal_offset=&#8221;0%&#8221; min_height=&#8221;371.2px&#8221; custom_padding=&#8221;0px||0px|||&#8221; global_colors_info=&#8221;{}&#8221;][et_pb_row column_structure=&#8221;1_2,1_2&#8243; use_custom_gutter=&#8221;on&#8221; _builder_version=&#8221;4.27.0&#8243; _module_preset=&#8221;default&#8221; background_image=&#8221;http:\/\/shreevidyamahayog.org\/wp-content\/uploads\/2024\/09\/svmy_bg.png&#8221; background_size=&#8221;stretch&#8221; width=&#8221;100%&#8221; max_width=&#8221;100%&#8221; module_alignment=&#8221;center&#8221; min_height=&#8221;705.7px&#8221; custom_margin=&#8221;||||false|false&#8221; custom_padding=&#8221;0px||0px||false|false&#8221; background_last_edited=&#8221;on|phone&#8221; background_enable_image_tablet=&#8221;off&#8221; background_enable_image_phone=&#8221;off&#8221; global_colors_info=&#8221;{}&#8221;][et_pb_column type=&#8221;1_2&#8243; _builder_version=&#8221;4.27.0&#8243; _module_preset=&#8221;default&#8221; background_image=&#8221;http:\/\/shreevidyamahayog.org\/wp-content\/uploads\/2024\/09\/svmy_bg.png&#8221; background_size=&#8221;stretch&#8221; global_colors_info=&#8221;{}&#8221;][et_pb_image src=&#8221;http:\/\/shreevidyamahayog.org\/wp-content\/uploads\/2024\/09\/gurudev_hero.png&#8221; title_text=&#8221;gurudev_hero&#8221; _builder_version=&#8221;4.27.4&#8243; _module_preset=&#8221;default&#8221; global_colors_info=&#8221;{}&#8221;][\/et_pb_image][\/et_pb_column][et_pb_column type=&#8221;1_2&#8243; _builder_version=&#8221;4.27.0&#8243; _module_preset=&#8221;default&#8221; background_enable_image=&#8221;off&#8221; background_repeat=&#8221;repeat-x&#8221; custom_padding=&#8221;10%|50px|50px|50px|false|true&#8221; custom_padding_tablet=&#8221;50px|50px|50px|50px|true|true&#8221; custom_padding_phone=&#8221;|10px||10px|false|true&#8221; custom_padding_last_edited=&#8221;on|tablet&#8221; global_colors_info=&#8221;{}&#8221;][et_pb_text _builder_version=&#8221;4.27.2&#8243; _module_preset=&#8221;default&#8221; text_font=&#8221;|&#8211;et_global_heading_font_weight|||||||&#8221; text_text_color=&#8221;#CF4723&#8243; text_font_size=&#8221;31px&#8221; text_line_height=&#8221;2em&#8221; text_font_size_tablet=&#8221;31px&#8221; text_font_size_phone=&#8221;23px&#8221; text_font_size_last_edited=&#8221;on|phone&#8221; global_colors_info=&#8221;{}&#8221; text_font_size__hover_enabled=&#8221;off|desktop&#8221;]<\/p>\n<p style=\"text-align: center;\"><strong>|| Shreevidya Akhandmahayog ||<\/strong><\/p>\n<p>[\/et_pb_text][et_pb_text _builder_version=&#8221;4.27.2&#8243; _module_preset=&#8221;default&#8221; text_font_size_tablet=&#8221;15px&#8221; text_font_size_phone=&#8221;10px&#8221; text_font_size_last_edited=&#8221;on|phone&#8221; global_colors_info=&#8221;{}&#8221;]<\/p>\n<p style=\"text-align: center;\"><span style=\"font-size: x-large; color: #444444;\">Shreevidyaakhandmahayog is the most ancient spiritual discipline of yoga. This discipline integrates all branches of yoga &#8211; from Hathayog to Mantrayog to Bhaktiyog and more. The teachings of Shreevidyaakhandmahayog have been passed on for eons. In the present day revered Shree Sadguru Shriniwasji Shamrao Katkar continues to disseminate these teachings.<\/span><\/p>\n<p>[\/et_pb_text][et_pb_button button_url=&#8221;@ET-DC@eyJkeW5hbWljIjp0cnVlLCJjb250ZW50IjoicG9zdF9saW5rX3VybF9wYWdlIiwic2V0dGluZ3MiOnsicG9zdF9pZCI6IjM0In19@&#8221; button_text=&#8221;LEARN MORE&#8221; button_alignment=&#8221;center&#8221; _builder_version=&#8221;4.27.0&#8243; _dynamic_attributes=&#8221;button_url&#8221; _module_preset=&#8221;default&#8221; custom_margin=&#8221;25px||||false|false&#8221; box_shadow_style=&#8221;preset2&#8243; global_colors_info=&#8221;{}&#8221;][\/et_pb_button][\/et_pb_column][\/et_pb_row][\/et_pb_section][et_pb_section fb_built=&#8221;1&#8243; _builder_version=&#8221;4.27.0&#8243; _module_preset=&#8221;default&#8221; background_color=&#8221;#f7f5f2&#8243; min_height=&#8221;302.2px&#8221; custom_padding=&#8221;50px||50px|||&#8221; global_colors_info=&#8221;{}&#8221;][et_pb_row _builder_version=&#8221;4.27.0&#8243; _module_preset=&#8221;default&#8221; min_height=&#8221;247.3px&#8221; global_colors_info=&#8221;{}&#8221;][et_pb_column type=&#8221;4_4&#8243; _builder_version=&#8221;4.27.0&#8243; _module_preset=&#8221;default&#8221; global_colors_info=&#8221;{}&#8221;][et_pb_text _builder_version=&#8221;4.27.0&#8243; _module_preset=&#8221;default&#8221; text_line_height=&#8221;2em&#8221; global_colors_info=&#8221;{}&#8221;]<\/p>\n<p style=\"text-align: center;\"><span style=\"font-size: xx-large;\">Shree Mata, The Mother Divine she loves her children with unconditional love.<br \/><\/span><span style=\"font-size: xx-large;\"> To feel and experience her divine unconditional love we, her children, must try to love her unconditionally with total egoless surrender.<\/span><\/p>\n<p style=\"text-align: center;\">&#8211; Shree Gurudev<\/p>\n<p>[\/et_pb_text][et_pb_button button_url=&#8221;@ET-DC@eyJkeW5hbWljIjp0cnVlLCJjb250ZW50IjoicG9zdF9saW5rX3VybF9wYWdlIiwic2V0dGluZ3MiOnsicG9zdF9pZCI6IjM0In19@&#8221; button_text=&#8221;About Shreevidya Mahayog&#8221; button_alignment=&#8221;center&#8221; _builder_version=&#8221;4.27.0&#8243; _dynamic_attributes=&#8221;button_url&#8221; _module_preset=&#8221;default&#8221; global_colors_info=&#8221;{}&#8221;][\/et_pb_button][\/et_pb_column][\/et_pb_row][\/et_pb_section][et_pb_section fb_built=&#8221;1&#8243; _builder_version=&#8221;4.27.0&#8243; _module_preset=&#8221;default&#8221; global_colors_info=&#8221;{}&#8221;][et_pb_row column_structure=&#8221;1_2,1_2&#8243; use_custom_gutter=&#8221;on&#8221; _builder_version=&#8221;4.27.0&#8243; _module_preset=&#8221;default&#8221; global_colors_info=&#8221;{}&#8221;][et_pb_column type=&#8221;1_2&#8243; _builder_version=&#8221;4.27.0&#8243; _module_preset=&#8221;default&#8221; global_colors_info=&#8221;{}&#8221;][et_pb_image src=&#8221;http:\/\/shreevidyamahayog.org\/wp-content\/uploads\/2024\/08\/Shree-Gurudev-9.jpg&#8221; title_text=&#8221;Shree-Gurudev-9&#8243; _builder_version=&#8221;4.27.0&#8243; _module_preset=&#8221;default&#8221; width=&#8221;75%&#8221; width_tablet=&#8221;100%&#8221; width_phone=&#8221;100%&#8221; width_last_edited=&#8221;on|desktop&#8221; min_height=&#8221;100%&#8221; global_colors_info=&#8221;{}&#8221;][\/et_pb_image][\/et_pb_column][et_pb_column type=&#8221;1_2&#8243; _builder_version=&#8221;4.27.0&#8243; _module_preset=&#8221;default&#8221; transform_translate=&#8221;0px|68px&#8221; global_colors_info=&#8221;{}&#8221;][et_pb_text _builder_version=&#8221;4.27.2&#8243; _module_preset=&#8221;default&#8221; custom_margin=&#8221;8px|||||&#8221; global_colors_info=&#8221;{}&#8221;]<\/p>\n<div class=\"MuiGrid-root jss272 MuiGrid-item MuiGrid-grid-xs-12 MuiGrid-grid-sm-10 MuiGrid-grid-md-4 MuiGrid-grid-lg-4\">\n<div class=\"MuiTypography-root jss273 MuiTypography-h6\">\n<h2><strong>Shree Gurudev<\/strong><\/h2>\n<p style=\"text-align: justify;\"><span style=\"text-align: justify;\">Prof. Shriniwas Shamrao Katkar, reverently known as Shree Gurudev among his admirers, devotees &amp; disciples is a practicing mahayogi and a great philosopher. As a spiritual guru, he has been guiding eligible spiritual seekers, irrespective of their class, caste, language, and gender in the practical discipline of Shreevidyamahayog. Shree Gurudev is an eternal source of divine spiritual inspiration and a true modern-day sage.<\/span><\/p>\n<\/div>\n<\/div>\n<p>[\/et_pb_text][et_pb_button button_url=&#8221;@ET-DC@eyJkeW5hbWljIjp0cnVlLCJjb250ZW50IjoicG9zdF9saW5rX3VybF9wYWdlIiwic2V0dGluZ3MiOnsicG9zdF9pZCI6IjM2In19@&#8221; button_text=&#8221;Read More&#8221; _builder_version=&#8221;4.27.0&#8243; _dynamic_attributes=&#8221;button_url&#8221; _module_preset=&#8221;default&#8221; custom_margin=&#8221;25px||25px||true|false&#8221; custom_padding=&#8221;||||false|false&#8221; global_colors_info=&#8221;{}&#8221;][\/et_pb_button][\/et_pb_column][\/et_pb_row][et_pb_row column_structure=&#8221;1_2,1_2&#8243; _builder_version=&#8221;4.27.0&#8243; _module_preset=&#8221;default&#8221; global_colors_info=&#8221;{}&#8221;][et_pb_column type=&#8221;1_2&#8243; _builder_version=&#8221;4.27.0&#8243; _module_preset=&#8221;default&#8221; transform_translate=&#8221;1px|75px&#8221; global_colors_info=&#8221;{}&#8221;][et_pb_text _builder_version=&#8221;4.27.0&#8243; _module_preset=&#8221;default&#8221; custom_margin=&#8221;-10px|||||&#8221; global_colors_info=&#8221;{}&#8221;]<\/p>\n<h2 class=\"MuiTypography-root jss273 MuiTypography-h6\" style=\"text-align: justify;\">Shreevidya Akhandmahayog<\/h2>\n<div class=\"MuiTypography-root jss274 MuiTypography-h6\" style=\"text-align: justify;\">Shreevidyaakhandmahayog is a spiritual discipline originated from Lord Shri Dakshinamurty (Lord Shiva in the role of Vishwamahaguru, the preceptor of the whole Cosmos) to bring the highest spiritual realization for the most ardent spiritual aspirant.<\/div>\n<p>[\/et_pb_text][et_pb_button button_url=&#8221;@ET-DC@eyJkeW5hbWljIjp0cnVlLCJjb250ZW50IjoicG9zdF9saW5rX3VybF9wYWdlIiwic2V0dGluZ3MiOnsicG9zdF9pZCI6IjM4In19@&#8221; button_text=&#8221;Read More&#8221; _builder_version=&#8221;4.27.0&#8243; _dynamic_attributes=&#8221;button_url&#8221; _module_preset=&#8221;default&#8221; custom_margin=&#8221;||75px||false|false&#8221; global_colors_info=&#8221;{}&#8221;][\/et_pb_button][\/et_pb_column][et_pb_column type=&#8221;1_2&#8243; _builder_version=&#8221;4.27.0&#8243; _module_preset=&#8221;default&#8221; global_colors_info=&#8221;{}&#8221;][et_pb_image src=&#8221;http:\/\/shreevidyamahayog.org\/wp-content\/uploads\/2024\/08\/Hero-banner.jpg&#8221; title_text=&#8221;Hero-banner&#8221; align=&#8221;right&#8221; src_tablet=&#8221;&#8221; src_phone=&#8221;&#8221; src_last_edited=&#8221;on|desktop&#8221; _builder_version=&#8221;4.27.0&#8243; _module_preset=&#8221;default&#8221; width=&#8221;75%&#8221; width_tablet=&#8221;0%&#8221; width_phone=&#8221;0%&#8221; width_last_edited=&#8221;on|tablet&#8221; global_colors_info=&#8221;{}&#8221;][\/et_pb_image][\/et_pb_column][\/et_pb_row][et_pb_row _builder_version=&#8221;4.27.0&#8243; _module_preset=&#8221;default&#8221; global_colors_info=&#8221;{}&#8221;][et_pb_column type=&#8221;4_4&#8243; _builder_version=&#8221;4.27.0&#8243; _module_preset=&#8221;default&#8221; global_colors_info=&#8221;{}&#8221;][et_pb_testimonial author=&#8221;Shri Gurudev&#8221; job_title=&#8221;Gurupornima &#8211;  2024&#8243; quote_icon_color=&#8221;#CF4723&#8243; use_icon_font_size=&#8221;on&#8221; icon_font_size=&#8221;50px&#8221; _builder_version=&#8221;4.27.0&#8243; _module_preset=&#8221;default&#8221; body_text_color=&#8221;#000000&#8243; body_font_size=&#8221;30px&#8221; author_text_color=&#8221;#CF4723&#8243; author_font_size=&#8221;30px&#8221; position_font=&#8221;||||||||&#8221; position_font_size=&#8221;18px&#8221; text_orientation=&#8221;center&#8221; custom_padding=&#8221;||||false|false&#8221; global_colors_info=&#8221;{}&#8221;]<\/p>\n<p>Let infinite wisdom and unending selfless love of the supreme devine incarnated in the form of Sadguru be the sole and whole guiding force of our life, Om.<\/p>\n<p>[\/et_pb_testimonial][\/et_pb_column][\/et_pb_row][\/et_pb_section][et_pb_section fb_built=&#8221;1&#8243; _builder_version=&#8221;4.27.0&#8243; _module_preset=&#8221;default&#8221; custom_margin=&#8221;-49px|||||&#8221; custom_padding=&#8221;0px||2px|||&#8221; global_colors_info=&#8221;{}&#8221;][et_pb_row _builder_version=&#8221;4.27.0&#8243; _module_preset=&#8221;f2d5c674-4ba7-4cea-8b81-9208e0c065de&#8221; custom_padding=&#8221;50px|||||&#8221; global_colors_info=&#8221;{}&#8221;][et_pb_column type=&#8221;4_4&#8243; _builder_version=&#8221;4.27.0&#8243; _module_preset=&#8221;default&#8221; global_colors_info=&#8221;{}&#8221;][et_pb_image src=&#8221;http:\/\/shreevidyamahayog.org\/wp-content\/uploads\/2024\/08\/flower-01.png&#8221; title_text=&#8221;flower-01&#8243; show_bottom_space=&#8221;off&#8221; align=&#8221;center&#8221; _builder_version=&#8221;4.27.0&#8243; _module_preset=&#8221;default&#8221; width=&#8221;60px&#8221; max_width_tablet=&#8221;60px&#8221; max_width_phone=&#8221;60px&#8221; max_width_last_edited=&#8221;on|phone&#8221; custom_margin=&#8221;||||false|false&#8221; custom_padding=&#8221;||20px||false|false&#8221; global_colors_info=&#8221;{}&#8221;][\/et_pb_image][et_pb_text _builder_version=&#8221;4.27.0&#8243; _module_preset=&#8221;default&#8221; global_colors_info=&#8221;{}&#8221;]<\/p>\n<h2 style=\"text-align: center;\"><span>Upcoming Events<\/span><\/h2>\n<p>[\/et_pb_text][\/et_pb_column][\/et_pb_row][et_pb_row _builder_version=&#8221;4.27.0&#8243; _module_preset=&#8221;default&#8221; custom_margin=&#8221;-31px|auto||auto||&#8221; global_colors_info=&#8221;{}&#8221;][et_pb_column type=&#8221;4_4&#8243; _builder_version=&#8221;4.27.0&#8243; _module_preset=&#8221;default&#8221; global_colors_info=&#8221;{}&#8221;][et_pb_post_slider include_categories=&#8221;9&#8243; show_pagination=&#8221;off&#8221; more_text=&#8221;See Details&#8221; use_manual_excerpt=&#8221;off&#8221; excerpt_length=&#8221;400&#8243; show_meta=&#8221;off&#8221; _builder_version=&#8221;4.27.0&#8243; _module_preset=&#8221;default&#8221; custom_padding=&#8221;50px||48px|||&#8221; animation_style=&#8221;fade&#8221; animation_direction=&#8221;right&#8221; auto=&#8221;on&#8221; global_colors_info=&#8221;{}&#8221;][\/et_pb_post_slider][\/et_pb_column][\/et_pb_row][\/et_pb_section][et_pb_section fb_built=&#8221;1&#8243; _builder_version=&#8221;4.27.0&#8243; _module_preset=&#8221;default&#8221; custom_padding=&#8221;0px|||||&#8221; global_colors_info=&#8221;{}&#8221;][et_pb_row use_custom_gutter=&#8221;on&#8221; gutter_width=&#8221;2&#8243; make_equal=&#8221;on&#8221; _builder_version=&#8221;4.27.0&#8243; _module_preset=&#8221;default&#8221; custom_padding=&#8221;||0px|||&#8221; global_colors_info=&#8221;{}&#8221;][et_pb_column type=&#8221;4_4&#8243; _builder_version=&#8221;4.27.0&#8243; _module_preset=&#8221;default&#8221; global_colors_info=&#8221;{}&#8221;][et_pb_image src=&#8221;http:\/\/shreevidyamahayog.org\/wp-content\/uploads\/2024\/08\/flower-01.png&#8221; title_text=&#8221;flower-01&#8243; align=&#8221;center&#8221; _builder_version=&#8221;4.27.0&#8243; _module_preset=&#8221;default&#8221; module_alignment=&#8221;center&#8221; max_height=&#8221;60px&#8221; global_colors_info=&#8221;{}&#8221;][\/et_pb_image][et_pb_text _builder_version=&#8221;4.27.0&#8243; _module_preset=&#8221;default&#8221; text_orientation=&#8221;center&#8221; global_colors_info=&#8221;{}&#8221;]<\/p>\n<h2>Books<\/h2>\n<p>[\/et_pb_text][et_pb_blog posts_number=&#8221;3&#8243; include_categories=&#8221;11&#8243; excerpt_length=&#8221;150&#8243; module_class=&#8221;pa-blog-image-3-4&#8243; _builder_version=&#8221;4.27.4&#8243; _module_preset=&#8221;default&#8221; body_text_align=&#8221;center&#8221; custom_margin=&#8221;||||false|false&#8221; custom_padding=&#8221;25px|25px|25px|25px|false|false&#8221; box_shadow_style=&#8221;preset1&#8243; box_shadow_vertical=&#8221;2px&#8221; box_shadow_spread=&#8221;0px&#8221; global_colors_info=&#8221;{}&#8221;][\/et_pb_blog][et_pb_button button_url=&#8221;@ET-DC@eyJkeW5hbWljIjp0cnVlLCJjb250ZW50IjoicG9zdF9saW5rX3VybF9wYWdlIiwic2V0dGluZ3MiOnsicG9zdF9pZCI6IjM0MCJ9fQ==@&#8221; button_text=&#8221;Explore Books&#8221; button_alignment=&#8221;center&#8221; _builder_version=&#8221;4.27.0&#8243; _dynamic_attributes=&#8221;button_url&#8221; _module_preset=&#8221;default&#8221; global_colors_info=&#8221;{}&#8221;][\/et_pb_button][\/et_pb_column][\/et_pb_row][\/et_pb_section][et_pb_section fb_built=&#8221;1&#8243; _builder_version=&#8221;4.27.0&#8243; _module_preset=&#8221;default&#8221; custom_padding=&#8221;2px||2px|||&#8221; global_colors_info=&#8221;{}&#8221;][et_pb_row _builder_version=&#8221;4.27.0&#8243; _module_preset=&#8221;default&#8221; background_color=&#8221;#FFFFFF&#8221; global_colors_info=&#8221;{}&#8221;][et_pb_column type=&#8221;4_4&#8243; _builder_version=&#8221;4.27.0&#8243; _module_preset=&#8221;default&#8221; global_colors_info=&#8221;{}&#8221;][et_pb_post_slider posts_number=&#8221;5&#8243; include_categories=&#8221;8&#8243; show_pagination=&#8221;off&#8221; excerpt_length=&#8221;400&#8243; show_meta=&#8221;off&#8221; show_image=&#8221;off&#8221; _builder_version=&#8221;4.27.0&#8243; _module_preset=&#8221;default&#8221; header_level=&#8221;h3&#8243; min_height=&#8221;442.3px&#8221; custom_margin_tablet=&#8221;&#8221; custom_margin_phone=&#8221;||||true|false&#8221; custom_margin_last_edited=&#8221;on|phone&#8221; custom_padding=&#8221;20px||20px||true|false&#8221; global_colors_info=&#8221;{}&#8221;][\/et_pb_post_slider][\/et_pb_column][\/et_pb_row][\/et_pb_section][et_pb_section fb_built=&#8221;1&#8243; _builder_version=&#8221;4.27.0&#8243; _module_preset=&#8221;default&#8221; global_colors_info=&#8221;{}&#8221;][et_pb_row _builder_version=&#8221;4.27.0&#8243; _module_preset=&#8221;default&#8221; global_colors_info=&#8221;{}&#8221;][et_pb_column type=&#8221;4_4&#8243; _builder_version=&#8221;4.27.0&#8243; _module_preset=&#8221;default&#8221; global_colors_info=&#8221;{}&#8221;][et_pb_image src=&#8221;http:\/\/shreevidyamahayog.org\/wp-content\/uploads\/2024\/09\/youtube-vid1.jpg&#8221; title_text=&#8221;youtube-vid1&#8243; url=&#8221;https:\/\/youtu.be\/GVOyTV5ztmU&#8221; url_new_window=&#8221;on&#8221; align=&#8221;center&#8221; _builder_version=&#8221;4.27.0&#8243; _module_preset=&#8221;default&#8221; width_tablet=&#8221;&#8221; width_phone=&#8221;&#8221; width_last_edited=&#8221;on|desktop&#8221; global_colors_info=&#8221;{}&#8221;][\/et_pb_image][\/et_pb_column][\/et_pb_row][et_pb_row _builder_version=&#8221;4.27.0&#8243; _module_preset=&#8221;default&#8221; global_colors_info=&#8221;{}&#8221;][et_pb_column type=&#8221;4_4&#8243; _builder_version=&#8221;4.27.0&#8243; _module_preset=&#8221;default&#8221; global_colors_info=&#8221;{}&#8221;][et_pb_text _builder_version=&#8221;4.27.0&#8243; _module_preset=&#8221;default&#8221; custom_margin=&#8221;||12px|||&#8221; global_colors_info=&#8221;{}&#8221;]<\/p>\n<h2 class=\"MuiTypography-root jss403 MuiTypography-h5\" style=\"text-align: center;\">Meaning of Shreevidya<\/h2>\n<p>[\/et_pb_text][et_pb_text _builder_version=&#8221;4.27.0&#8243; _module_preset=&#8221;default&#8221; global_colors_info=&#8221;{}&#8221;]<\/p>\n<p style=\"text-align: center;\">Shreevidy\u0101 or Shree-Roopini Vidy\u0101 is the highest desirable thing in life. So, what is the meaning or core essence of Shreevidy\u0101?<\/p>\n<p style=\"text-align: center;\">Hear Shri Gurudev Shriniwasji explain the true nature of Shreevidy\u0101 or supreme wisdom.<\/p>\n<p>[\/et_pb_text][et_pb_button button_url=&#8221;https:\/\/www.youtube.com\/channel\/UCu9TNGbekVKJaZXHJR140ig&#8221; url_new_window=&#8221;on&#8221; button_text=&#8221;Explore Videos&#8221; button_alignment=&#8221;center&#8221; _builder_version=&#8221;4.27.0&#8243; _module_preset=&#8221;default&#8221; global_colors_info=&#8221;{}&#8221;][\/et_pb_button][\/et_pb_column][\/et_pb_row][et_pb_row _builder_version=&#8221;4.27.0&#8243; _module_preset=&#8221;default&#8221; global_colors_info=&#8221;{}&#8221;][et_pb_column type=&#8221;4_4&#8243; _builder_version=&#8221;4.27.0&#8243; _module_preset=&#8221;default&#8221; global_colors_info=&#8221;{}&#8221;][\/et_pb_column][\/et_pb_row][\/et_pb_section]<\/p>\n","protected":false},"excerpt":{"rendered":"<p>|| Shreevidya Akhandmahayog ||Shreevidyaakhandmahayog is the most ancient spiritual discipline of yoga. This discipline integrates all branches of yoga &#8211; from Hathayog to Mantrayog to Bhaktiyog and more. The teachings of Shreevidyaakhandmahayog have been passed on for eons. In the present day revered Shree Sadguru Shriniwasji Shamrao Katkar continues to disseminate these teachings.Shree Mata, The [&hellip;]<\/p>\n","protected":false},"author":1,"featured_media":0,"parent":0,"menu_order":0,"comment_status":"closed","ping_status":"closed","template":"","meta":{"_et_pb_use_builder":"on","_et_pb_old_content":"","_et_gb_content_width":"","footnotes":""},"class_list":["post-32","page","type-page","status-publish","hentry"],"_links":{"self":[{"href":"https:\/\/shreevidyamahayog.org\/mr\/wp-json\/wp\/v2\/pages\/32","targetHints":{"allow":["GET"]}}],"collection":[{"href":"https:\/\/shreevidyamahayog.org\/mr\/wp-json\/wp\/v2\/pages"}],"about":[{"href":"https:\/\/shreevidyamahayog.org\/mr\/wp-json\/wp\/v2\/types\/page"}],"author":[{"embeddable":true,"href":"https:\/\/shreevidyamahayog.org\/mr\/wp-json\/wp\/v2\/users\/1"}],"replies":[{"embeddable":true,"href":"https:\/\/shreevidyamahayog.org\/mr\/wp-json\/wp\/v2\/comments?post=32"}],"version-history":[{"count":109,"href":"https:\/\/shreevidyamahayog.org\/mr\/wp-json\/wp\/v2\/pages\/32\/revisions"}],"predecessor-version":[{"id":1317,"href":"https:\/\/shreevidyamahayog.org\/mr\/wp-json\/wp\/v2\/pages\/32\/revisions\/1317"}],"wp:attachment":[{"href":"https:\/\/shreevidyamahayog.org\/mr\/wp-json\/wp\/v2\/media?parent=32"}],"curies":[{"name":"wp","href":"https:\/\/api.w.org\/{rel}","templated":true}]}}